{"id":325,"date":"2022-12-01T13:39:38","date_gmt":"2022-12-01T16:39:38","guid":{"rendered":"https:\/\/www.caldasnovas.go.gov.br\/turismo\/?page_id=325"},"modified":"2022-12-08T09:49:24","modified_gmt":"2022-12-08T12:49:24","slug":"eventos","status":"publish","type":"page","link":"https:\/\/www.caldasnovas.go.gov.br\/turismo\/eventos\/","title":{"rendered":"Eventos"},"content":{"rendered":"\n<hr class=\"wp-block-separator has-alpha-channel-opacity is-style-wide\"\/>\n\n\n\n<div class=\"wp-block-columns is-layout-flex wp-container-core-columns-is-layout-9d6595d7 wp-block-columns-is-layout-flex\">\n<div class=\"wp-block-column is-layout-flow wp-block-column-is-layout-flow\"><div class=\"wp-block-image\">\n<figure class=\"aligncenter size-full is-resized\"><img loading=\"lazy\" decoding=\"async\" src=\"https:\/\/www.caldasnovas.go.gov.br\/turismo\/wp-content\/uploads\/sites\/5\/2022\/12\/image.png\" alt=\"\" class=\"wp-image-396\" width=\"379\" height=\"379\" srcset=\"https:\/\/www.caldasnovas.go.gov.br\/turismo\/wp-content\/uploads\/sites\/5\/2022\/12\/image.png 526w, https:\/\/www.caldasnovas.go.gov.br\/turismo\/wp-content\/uploads\/sites\/5\/2022\/12\/image-300x300.png 300w, https:\/\/www.caldasnovas.go.gov.br\/turismo\/wp-content\/uploads\/sites\/5\/2022\/12\/image-150x150.png 150w, https:\/\/www.caldasnovas.go.gov.br\/turismo\/wp-content\/uploads\/sites\/5\/2022\/12\/image-80x80.png 80w\" sizes=\"auto, (max-width: 379px) 100vw, 379px\" \/><\/figure><\/div><\/div>\n\n\n\n<div class=\"wp-block-column is-layout-flow wp-block-column-is-layout-flow\">\n<div class=\"wp-block-columns is-layout-flex wp-container-core-columns-is-layout-9d6595d7 wp-block-columns-is-layout-flex\">\n<div class=\"wp-block-column is-layout-flow wp-block-column-is-layout-flow\">\n<h2 class=\"wp-block-heading\">Natal na Pra\u00e7a<\/h2>\n<\/div>\n\n\n\n<div class=\"wp-block-column is-layout-flow wp-block-column-is-layout-flow\">\n<div class=\"wp-block-buttons is-layout-flex wp-block-buttons-is-layout-flex\">\n<div class=\"wp-block-button has-custom-width wp-block-button__width-100 is-style-outline is-style-outline--1\"><a class=\"wp-block-button__link has-text-color\" style=\"border-radius:10px;color:#e20000\">Evento Realizado<\/a><\/div>\n<\/div>\n<\/div>\n<\/div>\n\n\n\n<p><strong>Data: <\/strong>01 e 02 de dezembro.<\/p>\n\n\n\n<p><strong>Local: <\/strong>Pra\u00e7a da Fam\u00edlia (atr\u00e1s da Prefeitura)<\/p>\n\n\n\n<p><strong>Informa\u00e7\u00f5es: <\/strong>Em parceria com a Secretaria de Estado de Cultura, a Prefeitura de Caldas Novas realizar\u00e1, nos dias 01 e 02 de dezembro, o &#8220;Natal na Pra\u00e7a&#8221;, com a apresenta\u00e7\u00e3o de filmes com tem\u00e1tica natalina, exibidos pelo Cine Goi\u00e1s Itinerante.<br>O evento faz parte da programa\u00e7\u00e3o do \u2018Magia do Natal 2022\u2019 realizado pela Prefeitura de Caldas Novas, e contar\u00e1 com a presen\u00e7a do prefeito Kleber Marra e do Secret\u00e1rio de Estado da Cultura, Marcelo Eug\u00eanio Carneiro, com participa\u00e7\u00e3o da equipe da TV Brasil Central, que registrar\u00e1 todo o evento.<\/p>\n<\/div>\n<\/div>\n\n\n\n<hr class=\"wp-block-separator has-alpha-channel-opacity is-style-wide\"\/>\n\n\n\n<div class=\"wp-block-columns is-layout-flex wp-container-core-columns-is-layout-9d6595d7 wp-block-columns-is-layout-flex\">\n<div class=\"wp-block-column is-layout-flow wp-block-column-is-layout-flow\">\n<iframe loading=\"lazy\" src=\"https:\/\/www.facebook.com\/plugins\/video.php?height=316&#038;href=https%3A%2F%2Fwww.facebook.com%2Fprefeituracaldasnovas%2Fvideos%2F517557949754382%2F&#038;show_text=false&#038;width=560&#038;t=0\" width=\"560\" height=\"316\" style=\"border:none;overflow:hidden\" scrolling=\"no\" frameborder=\"0\" allowfullscreen=\"true\" allow=\"autoplay; clipboard-write; encrypted-media; picture-in-picture; web-share\" allowFullScreen=\"true\"><\/iframe>\n<\/div>\n\n\n\n<div class=\"wp-block-column is-layout-flow wp-block-column-is-layout-flow\">\n<div class=\"wp-block-columns is-layout-flex wp-container-core-columns-is-layout-9d6595d7 wp-block-columns-is-layout-flex\">\n<div class=\"wp-block-column is-layout-flow wp-block-column-is-layout-flow\">\n<h2 class=\"wp-block-heading\">Caldas Moto Weekend 2022<\/h2>\n<\/div>\n\n\n\n<div class=\"wp-block-column is-layout-flow wp-block-column-is-layout-flow\">\n<div class=\"wp-block-buttons is-layout-flex wp-block-buttons-is-layout-flex\">\n<div class=\"wp-block-button has-custom-width wp-block-button__width-100 is-style-outline is-style-outline--2\"><a class=\"wp-block-button__link has-text-color\" style=\"border-radius:10px;color:#fb0d0d\">Evento Realizado<\/a><\/div>\n<\/div>\n<\/div>\n<\/div>\n\n\n\n<p><strong>Data:<\/strong> 22 e 23 de outubro.<\/p>\n\n\n\n<p><strong>Local:<\/strong> Espa\u00e7o de Eventos Municipal<\/p>\n\n\n\n<p><strong>Informa\u00e7\u00f5es:<\/strong> A programa\u00e7\u00e3o prev\u00ea diversas atra\u00e7\u00f5es musicais e DJs, pra\u00e7a de alimenta\u00e7\u00e3o completa, stands de presentes e souvenirs, show de manobras radicais, exposi\u00e7\u00e3o de carros antigos, espa\u00e7o kids com pipoca, algod\u00e3o doce, brincadeiras, palestras e fliperama.&nbsp;O evento \u00e9 beneficente, a entrada \u00e9 gratuita com a doa\u00e7\u00e3o de 2kg de alimentos n\u00e3o perec\u00edveis, que ser\u00e3o destinados \u00e0s fam\u00edlias carentes da cidade e regi\u00e3o.<\/p>\n<\/div>\n<\/div>\n\n\n\n<hr class=\"wp-block-separator has-alpha-channel-opacity is-style-wide\"\/>\n\n\n\n<div class=\"wp-block-columns is-layout-flex wp-container-core-columns-is-layout-9d6595d7 wp-block-columns-is-layout-flex\">\n<div class=\"wp-block-column is-layout-flow wp-block-column-is-layout-flow\">\n<iframe loading=\"lazy\" src=\"https:\/\/www.facebook.com\/plugins\/video.php?height=316&#038;href=https%3A%2F%2Fwww.facebook.com%2Fprefeituracaldasnovas%2Fvideos%2F1510873619348136%2F&#038;show_text=false&#038;width=560&#038;t=0\" width=\"560\" height=\"316\" style=\"border:none;overflow:hidden\" scrolling=\"no\" frameborder=\"0\" allowfullscreen=\"true\" allow=\"autoplay; clipboard-write; encrypted-media; picture-in-picture; web-share\" allowFullScreen=\"true\"><\/iframe>\n<\/div>\n\n\n\n<div class=\"wp-block-column is-layout-flow wp-block-column-is-layout-flow\">\n<div class=\"wp-block-columns is-layout-flex wp-container-core-columns-is-layout-9d6595d7 wp-block-columns-is-layout-flex\">\n<div class=\"wp-block-column is-layout-flow wp-block-column-is-layout-flow\">\n<h2 class=\"wp-block-heading\">Prefeitura nos Bairros<\/h2>\n<\/div>\n\n\n\n<div class=\"wp-block-column is-layout-flow wp-block-column-is-layout-flow\">\n<div class=\"wp-block-buttons is-layout-flex wp-block-buttons-is-layout-flex\">\n<div class=\"wp-block-button has-custom-width wp-block-button__width-100 is-style-outline is-style-outline--3\"><a class=\"wp-block-button__link has-text-color\" style=\"border-radius:10px;color:#ff0101\">Evento Realizado <\/a><\/div>\n<\/div>\n<\/div>\n<\/div>\n\n\n\n<p><strong>Data:<\/strong> 27 de agosto.<\/p>\n\n\n\n<p><strong>Local:<\/strong> Escola Municipal Valdir Arantes, Setor Universit\u00e1rio.<\/p>\n\n\n\n<p><strong>Informa\u00e7\u00f5es:<\/strong> A a\u00e7\u00e3o acontecer\u00e1 no pr\u00f3ximo dia 27, a partir das 8h, na Escola Municipal Valdir Arantes. O trabalho \u00e9 uma a\u00e7\u00e3o conjunta entre todas as secretarias, que estar\u00e3o atuando com suas respectivas equipes, preparadas para oferecer gratuitamente, diversos servi\u00e7os \u00e0 popula\u00e7\u00e3o.<br>Voc\u00ea est\u00e1 convidado, venha participar dessa grande a\u00e7\u00e3o!!<\/p>\n<\/div>\n<\/div>\n\n\n\n<hr class=\"wp-block-separator has-alpha-channel-opacity is-style-wide\"\/>\n\n\n\n<div class=\"wp-block-columns is-layout-flex wp-container-core-columns-is-layout-9d6595d7 wp-block-columns-is-layout-flex\">\n<div class=\"wp-block-column is-layout-flow wp-block-column-is-layout-flow\">\n<iframe loading=\"lazy\" src=\"https:\/\/www.facebook.com\/plugins\/video.php?height=316&#038;href=https%3A%2F%2Fwww.facebook.com%2Fprefeituracaldasnovas%2Fvideos%2F1358732607949915%2F&#038;show_text=false&#038;width=560&#038;t=0\" width=\"560\" height=\"316\" style=\"border:none;overflow:hidden\" scrolling=\"no\" frameborder=\"0\" allowfullscreen=\"true\" allow=\"autoplay; clipboard-write; encrypted-media; picture-in-picture; web-share\" allowFullScreen=\"true\"><\/iframe>\n<\/div>\n\n\n\n<div class=\"wp-block-column is-layout-flow wp-block-column-is-layout-flow\">\n<div class=\"wp-block-columns is-layout-flex wp-container-core-columns-is-layout-9d6595d7 wp-block-columns-is-layout-flex\">\n<div class=\"wp-block-column is-layout-flow wp-block-column-is-layout-flow\">\n<h2 class=\"wp-block-heading\">Caldas Arrai\u00e1 Show<\/h2>\n<\/div>\n\n\n\n<div class=\"wp-block-column is-layout-flow wp-block-column-is-layout-flow\">\n<div class=\"wp-block-buttons is-layout-flex wp-block-buttons-is-layout-flex\">\n<div class=\"wp-block-button has-custom-width wp-block-button__width-100 is-style-outline is-style-outline--4\"><a class=\"wp-block-button__link has-text-color\" style=\"border-radius:10px;color:#fc0000\">Evento Realizado<\/a><\/div>\n<\/div>\n<\/div>\n<\/div>\n\n\n\n<p><strong>Data:<\/strong> &nbsp;3 a 6 de agosto.<\/p>\n\n\n\n<p><strong>Local: <\/strong>Espa\u00e7o Municipal de Eventos.<\/p>\n\n\n\n<p><strong>Informa\u00e7\u00f5es:<\/strong> As apresenta\u00e7\u00f5es v\u00e3o acontecer no Espa\u00e7o Municipal de Eventos sempre das 17h \u00e0s 00h. Vai ter muita dan\u00e7a, comidas t\u00edpicas e participa\u00e7\u00e3o de artistas renomados. <br> A entrada vai ser gratuita, mas se puder, traga um litro de leite ou um quilo de alimento n\u00e3o-perec\u00edvel e doe na barraca da A\u00e7\u00e3o Social. Venha e traga sua fam\u00edlia para participar e se divertir conosco nessa grande festa!<\/p>\n<\/div>\n<\/div>\n\n\n\n<hr class=\"wp-block-separator has-alpha-channel-opacity is-style-wide\"\/>\n","protected":false},"excerpt":{"rendered":"<p>Natal na Pra\u00e7a Data: 01 e 02 de dezembro. Local: Pra\u00e7a da Fam\u00edlia (atr\u00e1s da Prefeitura) Informa\u00e7\u00f5es: Em parceria com a Secretaria de Estado de Cultura, a Prefeitura de Caldas Novas realizar\u00e1, nos dias 01 e 02 de dezembro, o &#8220;Natal na Pra\u00e7a&#8221;, com a apresenta\u00e7\u00e3o de filmes com tem\u00e1tica natalina, exibidos pelo Cine Goi\u00e1s [&hellip;]<\/p>\n","protected":false},"author":1,"featured_media":0,"parent":0,"menu_order":0,"comment_status":"closed","ping_status":"closed","template":"","meta":{"_acf_changed":false,"_seopress_robots_primary_cat":"","_seopress_titles_title":"","_seopress_titles_desc":"","_seopress_robots_index":"","custom_icon_class":"","inline_featured_image":false,"footnotes":""},"class_list":["post-325","page","type-page","status-publish","hentry"],"acf":[],"_links":{"self":[{"href":"https:\/\/www.caldasnovas.go.gov.br\/turismo\/wp-json\/wp\/v2\/pages\/325","targetHints":{"allow":["GET"]}}],"collection":[{"href":"https:\/\/www.caldasnovas.go.gov.br\/turismo\/wp-json\/wp\/v2\/pages"}],"about":[{"href":"https:\/\/www.caldasnovas.go.gov.br\/turismo\/wp-json\/wp\/v2\/types\/page"}],"author":[{"embeddable":true,"href":"https:\/\/www.caldasnovas.go.gov.br\/turismo\/wp-json\/wp\/v2\/users\/1"}],"replies":[{"embeddable":true,"href":"https:\/\/www.caldasnovas.go.gov.br\/turismo\/wp-json\/wp\/v2\/comments?post=325"}],"version-history":[{"count":10,"href":"https:\/\/www.caldasnovas.go.gov.br\/turismo\/wp-json\/wp\/v2\/pages\/325\/revisions"}],"predecessor-version":[{"id":422,"href":"https:\/\/www.caldasnovas.go.gov.br\/turismo\/wp-json\/wp\/v2\/pages\/325\/revisions\/422"}],"wp:attachment":[{"href":"https:\/\/www.caldasnovas.go.gov.br\/turismo\/wp-json\/wp\/v2\/media?parent=325"}],"curies":[{"name":"wp","href":"https:\/\/api.w.org\/{rel}","templated":true}]}}