{"id":19,"date":"2022-11-29T15:28:33","date_gmt":"2022-11-29T18:28:33","guid":{"rendered":"https:\/\/www.caldasnovas.go.gov.br\/turismo\/acessibilidade\/"},"modified":"2022-11-29T15:28:33","modified_gmt":"2022-11-29T18:28:33","slug":"acessibilidade","status":"publish","type":"page","link":"https:\/\/www.caldasnovas.go.gov.br\/turismo\/acessibilidade\/","title":{"rendered":"Acessibilidade"},"content":{"rendered":"<p>Este portal segue as diretrizes do e-MAG (Modelo de Acessibilidade em Governo Eletr\u00f4nico), conforme as normas do Governo Federal, em obedi\u00eancia ao Decreto 5.296, de 02\/12\/2004.<\/p>\n<p>O termo acessibilidade significa incluir a pessoa com defici\u00eancia na participa\u00e7\u00e3o de atividades como o uso de produtos, servi\u00e7os e informa\u00e7\u00f5es. Alguns exemplos s\u00e3o os pr\u00e9dios com rampas de acesso para cadeira de rodas e banheiros adaptados para deficientes.<\/p>\n<p>Na internet, acessibilidade refere-se principalmente \u00e0s recomenda\u00e7\u00f5es do WCAG (World Content Accessibility Guide) do W3C e no caso do Governo Brasileiro ao e-MAG (Modelo de Acessibilidade em Governo Eletr\u00f4nico). O e-MAG est\u00e1 alinhado as recomenda\u00e7\u00f5es internacionais, mas estabelece padr\u00f5es de comportamento acess\u00edvel para sites governamentais.<\/p>\n<p>Na parte superior do portal existe uma barra de acessibilidade onde se encontra atalhos de navega\u00e7\u00e3o padronizados e a op\u00e7\u00e3o para alterar o contraste. Essas ferramentas est\u00e3o dispon\u00edveis em todas as p\u00e1ginas do portal.<\/p>\n<p>Os atalhos padr\u00e3o s\u00e3o:<\/p>\n<ul>\n<li><strong>Teclando-se AltGr + 0<\/strong> em qualquer p\u00e1gina do portal, chega-se diretamente a p\u00e1gina de Acessibilidade.<\/li>\n<li><strong>Teclando-se AltGr + 1<\/strong> em qualquer p\u00e1gina do portal, chega-se diretamente ao come\u00e7o do conte\u00fado principal da p\u00e1gina inicial.<\/li>\n<li><strong>Teclando-se AltGr + 2<\/strong> em qualquer p\u00e1gina do portal, chega-se diretamente a p\u00e1gina &#8220;Mapa do Site&#8221;.<\/li>\n<li><strong>Teclando-se AltGr + 3<\/strong> em qualquer p\u00e1gina do portal, chega-se diretamente a busca interna.<\/li>\n<li><strong>Teclando-se AltGr + 4<\/strong> em qualquer p\u00e1gina do portal, chega-se diretamente ao rodap\u00e9 do site.<\/li>\n<li><strong>Teclando-se AltGr + 5<\/strong> em qualquer p\u00e1gina do portal, chega-se diretamente ao in\u00edcio do menu principal.<\/li>\n<\/ul>\n<p>Ao final desse texto, voc\u00ea poder\u00e1 baixar alguns arquivos que explicam melhor o termo acessibilidade e como deve ser implementado nos sites da Internet.<\/p>\n<p><strong>Leis e decretos sobre acessibilidade:<\/strong><\/p>\n<ul>\n<li><a href=\"http:\/\/www.planalto.gov.br\/ccivil_03\/_Ato2004-2006\/2004\/Decreto\/D5296.htm\" target=\"_blank\" rel=\"noreferrer noopener\">Decreto n\u00ba 5.296 de 02 de dezembro de 2004.<\/a><\/li>\n<li><a href=\"http:\/\/www.planalto.gov.br\/ccivil_03\/_ato2007-2010\/2009\/decreto\/d6949.htm\" target=\"_blank\" rel=\"noreferrer noopener\">Decreto n\u00ba 6.949, de 25 de agosto de 2009<\/a>&nbsp;&#8211; Promulga a Conven\u00e7\u00e3o Internacional sobre os Direitos das Pessoas com Defici\u00eancia e seu Protocolo Facultativo, assinados em Nova York, em 30 de mar\u00e7o de 2007.<\/li>\n<li><a href=\"http:\/\/www.planalto.gov.br\/ccivil_03\/_ato2011-2014\/2012\/Decreto\/D7724.htm\" target=\"_blank\" rel=\"noreferrer noopener\">Decreto n\u00ba 7.724, de 16 de Maio de 2012<\/a>&nbsp;&#8211; Regulamenta a Lei N\u00ba 12.527, que disp\u00f5e sobre o acesso a informa\u00e7\u00f5es.<\/li>\n<li><a href=\"https:\/\/www.governodigital.gov.br\/documentos-e-arquivos\/e-MAG%20V3.pdf\" target=\"_blank\" rel=\"noreferrer noopener\">Modelo de Acessibilidade de Governo Eletr\u00f4nico.<\/a><\/li>\n<li><a href=\"https:\/\/www.governodigital.gov.br\/documentos-e-arquivos\/legislacao\/portaria3_eMAG.pdf\" target=\"_blank\" rel=\"noreferrer noopener\">Portaria n\u00ba 03, de 07 de Maio de 2007 &#8211; formato .pdf<\/a>&nbsp;&#8211; Institucionaliza o Modelo de Acessibilidade em Governo Eletr\u00f4nico &#8211; e-MAG.<\/li>\n<\/ul>\n","protected":false},"excerpt":{"rendered":"<p>Este portal segue as diretrizes do e-MAG (Modelo de Acessibilidade em Governo Eletr\u00f4nico), conforme as normas do Governo Federal, em obedi\u00eancia ao Decreto 5.296, de 02\/12\/2004. O termo acessibilidade significa incluir a pessoa com defici\u00eancia na participa\u00e7\u00e3o de atividades como o uso de produtos, servi\u00e7os e informa\u00e7\u00f5es. Alguns exemplos s\u00e3o os pr\u00e9dios com rampas de [&hellip;]<\/p>\n","protected":false},"author":1,"featured_media":0,"parent":0,"menu_order":0,"comment_status":"closed","ping_status":"closed","template":"","meta":{"_acf_changed":false,"_seopress_robots_primary_cat":"","_seopress_titles_title":"","_seopress_titles_desc":"","_seopress_robots_index":"","custom_icon_class":"","inline_featured_image":false,"footnotes":""},"class_list":["post-19","page","type-page","status-publish","hentry"],"acf":[],"_links":{"self":[{"href":"https:\/\/www.caldasnovas.go.gov.br\/turismo\/wp-json\/wp\/v2\/pages\/19","targetHints":{"allow":["GET"]}}],"collection":[{"href":"https:\/\/www.caldasnovas.go.gov.br\/turismo\/wp-json\/wp\/v2\/pages"}],"about":[{"href":"https:\/\/www.caldasnovas.go.gov.br\/turismo\/wp-json\/wp\/v2\/types\/page"}],"author":[{"embeddable":true,"href":"https:\/\/www.caldasnovas.go.gov.br\/turismo\/wp-json\/wp\/v2\/users\/1"}],"replies":[{"embeddable":true,"href":"https:\/\/www.caldasnovas.go.gov.br\/turismo\/wp-json\/wp\/v2\/comments?post=19"}],"version-history":[{"count":0,"href":"https:\/\/www.caldasnovas.go.gov.br\/turismo\/wp-json\/wp\/v2\/pages\/19\/revisions"}],"wp:attachment":[{"href":"https:\/\/www.caldasnovas.go.gov.br\/turismo\/wp-json\/wp\/v2\/media?parent=19"}],"curies":[{"name":"wp","href":"https:\/\/api.w.org\/{rel}","templated":true}]}}