{"id":104,"date":"2022-12-01T09:38:43","date_gmt":"2022-12-01T12:38:43","guid":{"rendered":"https:\/\/www.caldasnovas.go.gov.br\/turismo\/?page_id=104"},"modified":"2022-12-01T11:10:51","modified_gmt":"2022-12-01T14:10:51","slug":"pontos-turisticos","status":"publish","type":"page","link":"https:\/\/www.caldasnovas.go.gov.br\/turismo\/pontos-turisticos\/","title":{"rendered":"Pontos Tur\u00edsticos"},"content":{"rendered":"\n<hr class=\"wp-block-separator has-alpha-channel-opacity is-style-wide\"\/>\n\n\n\n<div class=\"wp-block-columns is-layout-flex wp-container-core-columns-is-layout-9d6595d7 wp-block-columns-is-layout-flex\">\n<div class=\"wp-block-column is-layout-flow wp-block-column-is-layout-flow\"><div class=\"wp-block-image\">\n<figure class=\"aligncenter size-full\"><img loading=\"lazy\" decoding=\"async\" width=\"750\" height=\"497\" src=\"https:\/\/www.caldasnovas.go.gov.br\/turismo\/wp-content\/uploads\/sites\/5\/2022\/12\/8439df5b55369aa924aff07d8bd1cbce-1.jpg\" alt=\"\" class=\"wp-image-121\" srcset=\"https:\/\/www.caldasnovas.go.gov.br\/turismo\/wp-content\/uploads\/sites\/5\/2022\/12\/8439df5b55369aa924aff07d8bd1cbce-1.jpg 750w, https:\/\/www.caldasnovas.go.gov.br\/turismo\/wp-content\/uploads\/sites\/5\/2022\/12\/8439df5b55369aa924aff07d8bd1cbce-1-300x199.jpg 300w\" sizes=\"auto, (max-width: 750px) 100vw, 750px\" \/><figcaption><strong>Fonte da Foto:<\/strong> <a rel=\"noreferrer noopener\" href=\"https:\/\/diroma.com.br\/diroma-acqua-park\" target=\"_blank\">https:\/\/diroma.com.br\/diroma-acqua-park<\/a><\/figcaption><\/figure><\/div><\/div>\n\n\n\n<div class=\"wp-block-column is-layout-flow wp-block-column-is-layout-flow\">\n<h2 class=\"wp-block-heading\">diRoma Acqua Park<\/h2>\n\n\n\n<div style=\"height:48px\" aria-hidden=\"true\" class=\"wp-block-spacer\"><\/div>\n\n\n\n<p>Imagine um lugar onde \u00e9 poss\u00edvel realizar as mais incr\u00edveis&nbsp;<strong>aventuras de lazer e divers\u00e3o<\/strong>, onde cada atra\u00e7\u00e3o \u00e9 repleta de adrenalina e novas descobertas. Este lugar \u00e9 o diRoma Acqua Park, o mais incr\u00ed\u00advel e completo parque aqu\u00e1tico de Caldas Novas. Aqui voc\u00ea vai viver novas emo\u00e7\u00f5es e sentir a adrenalina tomar conta do seu corpo nas incr\u00edveis atra\u00e7\u00f5es de lazer.<\/p>\n\n\n\n<p>Para as crian\u00e7as, o&nbsp;<strong>Kids Park<\/strong>, um lugar preparado para horas de muita divers\u00e3o e alegria. Escorregadores, mini gruta, piscina com chafariz, rampa e no Splash um incr\u00edvel navio pirata, tudo com seguran\u00e7a e monitoramento. Aten\u00e7\u00e3o: Informamos que o diRoma Acqua Park \u00e9 fechado nas quintas-feiras para manuten\u00e7\u00e3o do mesmo. Obrigado pela compreens\u00e3o!<\/p>\n\n\n\n<div style=\"height:28px\" aria-hidden=\"true\" class=\"wp-block-spacer\"><\/div>\n\n\n\n<p><\/p>\n\n\n\n<div style=\"height:38px\" aria-hidden=\"true\" class=\"wp-block-spacer\"><\/div>\n\n\n\n<div class=\"wp-block-buttons is-layout-flex wp-block-buttons-is-layout-flex\">\n<div class=\"wp-block-button has-custom-width wp-block-button__width-50 is-style-outline is-style-outline--1\"><a class=\"wp-block-button__link\" href=\"https:\/\/goo.gl\/maps\/P5RVzfH3TvoND6qM8\" style=\"border-radius:10px\" target=\"_blank\" rel=\"noreferrer noopener\"><strong>Como Chegar<\/strong><\/a><\/div>\n\n\n\n<div class=\"wp-block-button has-custom-width wp-block-button__width-50 is-style-outline is-style-outline--2\"><a class=\"wp-block-button__link\" href=\"https:\/\/ingressos.diroma.com.br\/\" style=\"border-radius:10px\" target=\"_blank\" rel=\"noreferrer noopener\"><strong>Ingressos Online<\/strong><\/a><\/div>\n<\/div>\n<\/div>\n<\/div>\n\n\n\n<hr class=\"wp-block-separator has-alpha-channel-opacity is-style-wide\"\/>\n\n\n\n<div class=\"wp-block-columns is-layout-flex wp-container-core-columns-is-layout-9d6595d7 wp-block-columns-is-layout-flex\">\n<div class=\"wp-block-column is-layout-flow wp-block-column-is-layout-flow\"><div class=\"wp-block-image\">\n<figure class=\"aligncenter size-full\"><img loading=\"lazy\" decoding=\"async\" width=\"800\" height=\"450\" src=\"https:\/\/www.caldasnovas.go.gov.br\/turismo\/wp-content\/uploads\/sites\/5\/2022\/12\/destino2.jpg\" alt=\"\" class=\"wp-image-147\" srcset=\"https:\/\/www.caldasnovas.go.gov.br\/turismo\/wp-content\/uploads\/sites\/5\/2022\/12\/destino2.jpg 800w, https:\/\/www.caldasnovas.go.gov.br\/turismo\/wp-content\/uploads\/sites\/5\/2022\/12\/destino2-300x169.jpg 300w, https:\/\/www.caldasnovas.go.gov.br\/turismo\/wp-content\/uploads\/sites\/5\/2022\/12\/destino2-768x432.jpg 768w\" sizes=\"auto, (max-width: 800px) 100vw, 800px\" \/><figcaption><strong>Fonte da Foto:<\/strong> <a href=\"https:\/\/www.buser.com.br\/\">https:\/\/www.buser.com.br\/<\/a><\/figcaption><\/figure><\/div><\/div>\n\n\n\n<div class=\"wp-block-column is-layout-flow wp-block-column-is-layout-flow\">\n<h2 class=\"wp-block-heading\">Lagoa Termas Parque<\/h2>\n\n\n\n<div style=\"height:32px\" aria-hidden=\"true\" class=\"wp-block-spacer\"><\/div>\n\n\n\n<p>Local tranquilo para passar o dia, o Lagoa Termas Parque, tamb\u00e9m conhecido como Lagoa Quente, \u00e9 um parque tradicional de Caldas Novas, aberto h\u00e1 v\u00e1rios anos. O parque abriga piscinas variadas, tobog\u00e3s, tobo\u00e1guas, \u00e1rea para crian\u00e7as, bares e restaurantes, al\u00e9m da Lagoa do Piratiginda e o Po\u00e7o Cozinha Ovos \u2014 a \u00e1gua do local \u00e9 t\u00e3o quente que \u00e9 poss\u00edvel ver a \u00e1gua borbulhando.<\/p>\n\n\n\n<p><\/p>\n\n\n\n<div style=\"height:27px\" aria-hidden=\"true\" class=\"wp-block-spacer\"><\/div>\n\n\n\n<p><\/p>\n\n\n\n<div style=\"height:33px\" aria-hidden=\"true\" class=\"wp-block-spacer\"><\/div>\n\n\n\n<div class=\"wp-block-buttons is-layout-flex wp-block-buttons-is-layout-flex\">\n<div class=\"wp-block-button has-custom-width wp-block-button__width-50 is-style-outline is-style-outline--3\"><a class=\"wp-block-button__link\" href=\"https:\/\/goo.gl\/maps\/TZ6JRPB4askRoCuo8\" style=\"border-radius:10px\" target=\"_blank\" rel=\"noreferrer noopener\"><strong>Como Chegar<\/strong><\/a><\/div>\n\n\n\n<div class=\"wp-block-button has-custom-width wp-block-button__width-50 is-style-outline is-style-outline--4\"><a class=\"wp-block-button__link\" href=\"https:\/\/www.lagoaparquesehoteis.com.br\/\" style=\"border-radius:10px\" target=\"_blank\" rel=\"noreferrer noopener\"><strong>Ingressos Online<\/strong><\/a><\/div>\n<\/div>\n<\/div>\n<\/div>\n\n\n\n<hr class=\"wp-block-separator has-alpha-channel-opacity is-style-wide\"\/>\n\n\n\n<div class=\"wp-block-columns is-layout-flex wp-container-core-columns-is-layout-9d6595d7 wp-block-columns-is-layout-flex\">\n<div class=\"wp-block-column is-layout-flow wp-block-column-is-layout-flow\">\n<figure class=\"wp-block-image size-full\"><img loading=\"lazy\" decoding=\"async\" width=\"550\" height=\"365\" src=\"https:\/\/www.caldasnovas.go.gov.br\/turismo\/wp-content\/uploads\/sites\/5\/2022\/12\/nautico-praia-clube.jpg\" alt=\"\" class=\"wp-image-177\" srcset=\"https:\/\/www.caldasnovas.go.gov.br\/turismo\/wp-content\/uploads\/sites\/5\/2022\/12\/nautico-praia-clube.jpg 550w, https:\/\/www.caldasnovas.go.gov.br\/turismo\/wp-content\/uploads\/sites\/5\/2022\/12\/nautico-praia-clube-300x199.jpg 300w\" sizes=\"auto, (max-width: 550px) 100vw, 550px\" \/><figcaption><strong>Fonte da Foto:<\/strong> <a href=\"https:\/\/www.google.com\/\" target=\"_blank\" rel=\"noreferrer noopener\">https:\/\/www.google.com\/<\/a><\/figcaption><\/figure>\n<\/div>\n\n\n\n<div class=\"wp-block-column is-layout-flow wp-block-column-is-layout-flow\">\n<h2 class=\"wp-block-heading\">N\u00e1utico Praia Clube<\/h2>\n\n\n\n<div style=\"height:32px\" aria-hidden=\"true\" class=\"wp-block-spacer\"><\/div>\n\n\n\n<p>O N\u00e1utico Praia Clube em Caldas Novas &#8211; GO fica \u00e0s margens do Lago Corumb\u00e1 sendo conhecido pelos turistas como o para\u00edso das \u00e1guas termais no interior goiano.<\/p>\n\n\n\n<p>Localizado na famosa cidade tur\u00edstica de Caldas Novas &#8211; GO, o N\u00e1utico Praia Clube fica a cerca de 9 km do centro. O Parque faz parte do grupo Priv\u00e9 Divers\u00e3o, que oferece outras atra\u00e7\u00f5es aqu\u00e1ticas na mesma regi\u00e3o. Estima-se que todas as depend\u00eancias j\u00e1 receberam cerca de 710 mil pessoas, tornando o espa\u00e7o muito recomendado entre os turistas para descanso e lazer.<\/p>\n\n\n\n<div style=\"height:27px\" aria-hidden=\"true\" class=\"wp-block-spacer\"><\/div>\n\n\n\n<p><\/p>\n\n\n\n<div style=\"height:33px\" aria-hidden=\"true\" class=\"wp-block-spacer\"><\/div>\n\n\n\n<div class=\"wp-block-buttons is-layout-flex wp-block-buttons-is-layout-flex\">\n<div class=\"wp-block-button has-custom-width wp-block-button__width-50 is-style-outline is-style-outline--5\"><a class=\"wp-block-button__link\" href=\"https:\/\/goo.gl\/maps\/M9hCotPeHvbUtDT2A\" style=\"border-radius:10px\" target=\"_blank\" rel=\"noreferrer noopener\"><strong>Como Chegar<\/strong><\/a><\/div>\n\n\n\n<div class=\"wp-block-button has-custom-width wp-block-button__width-50 is-style-outline is-style-outline--6\"><a class=\"wp-block-button__link\" href=\"https:\/\/privediversao.com.br\/nautico\/#divirta\" style=\"border-radius:10px\" target=\"_blank\" rel=\"noreferrer noopener\"><strong>Ingressos Online<\/strong><\/a><\/div>\n<\/div>\n<\/div>\n<\/div>\n\n\n\n<hr class=\"wp-block-separator has-alpha-channel-opacity is-style-wide\"\/>\n\n\n\n<div class=\"wp-block-columns is-layout-flex wp-container-core-columns-is-layout-9d6595d7 wp-block-columns-is-layout-flex\">\n<div class=\"wp-block-column is-layout-flow wp-block-column-is-layout-flow\">\n<figure class=\"wp-block-image size-full\"><img loading=\"lazy\" decoding=\"async\" width=\"1000\" height=\"750\" src=\"https:\/\/www.caldasnovas.go.gov.br\/turismo\/wp-content\/uploads\/sites\/5\/2022\/12\/jardim-japones.jpg\" alt=\"\" class=\"wp-image-206\" srcset=\"https:\/\/www.caldasnovas.go.gov.br\/turismo\/wp-content\/uploads\/sites\/5\/2022\/12\/jardim-japones.jpg 1000w, https:\/\/www.caldasnovas.go.gov.br\/turismo\/wp-content\/uploads\/sites\/5\/2022\/12\/jardim-japones-300x225.jpg 300w, https:\/\/www.caldasnovas.go.gov.br\/turismo\/wp-content\/uploads\/sites\/5\/2022\/12\/jardim-japones-768x576.jpg 768w, https:\/\/www.caldasnovas.go.gov.br\/turismo\/wp-content\/uploads\/sites\/5\/2022\/12\/jardim-japones-320x240.jpg 320w\" sizes=\"auto, (max-width: 1000px) 100vw, 1000px\" \/><figcaption><strong>Fonte da Foto:<\/strong> <a href=\"https:\/\/guia.melhoresdestinos.com.br\/\">https:\/\/guia.melhoresdestinos.com.br\/<\/a><\/figcaption><\/figure>\n<\/div>\n\n\n\n<div class=\"wp-block-column is-layout-flow wp-block-column-is-layout-flow\">\n<h2 class=\"wp-block-heading\">Jardim Japon\u00eas<\/h2>\n\n\n\n<div style=\"height:32px\" aria-hidden=\"true\" class=\"wp-block-spacer\"><\/div>\n\n\n\n<p>O Jardim Japon\u00eas \u00e9 um espa\u00e7o diferente e at\u00e9 inusitado em Caldas Novas. O lugar oferece um passeio tranquilo e ideal para quem quer contato com a natureza. <\/p>\n\n\n\n<p>O jardim \u00e9 pequeno e tem uma ornamenta\u00e7\u00e3o bacana, lago com peixes e pontes em estilo japon\u00eas. Esse espa\u00e7o tamb\u00e9m guarda uma das casas mais antigas da cidade, com objetos usados nas resid\u00eancias das d\u00e9cadas passadas.<\/p>\n\n\n\n<p>Embora seja simples, o local pode render um passeio divertido.<\/p>\n\n\n\n<p>Entrada: R$ 5<\/p>\n\n\n\n<div style=\"height:27px\" aria-hidden=\"true\" class=\"wp-block-spacer\"><\/div>\n\n\n\n<p><\/p>\n\n\n\n<div style=\"height:33px\" aria-hidden=\"true\" class=\"wp-block-spacer\"><\/div>\n\n\n\n<div class=\"wp-block-buttons is-layout-flex wp-block-buttons-is-layout-flex\">\n<div class=\"wp-block-button has-custom-width wp-block-button__width-50 is-style-outline is-style-outline--7\"><a class=\"wp-block-button__link\" href=\"https:\/\/goo.gl\/maps\/hpTgMVBaap2MKz4K7\" style=\"border-radius:10px\" target=\"_blank\" rel=\"noreferrer noopener\"><strong>Como Chegar<\/strong><\/a><\/div>\n\n\n\n<div class=\"wp-block-button has-custom-width wp-block-button__width-50 is-style-outline is-style-outline--8\"><a class=\"wp-block-button__link\" href=\"http:\/\/www.diroma.com.br\/informacoes\/jardim-japones\" style=\"border-radius:10px\" target=\"_blank\" rel=\"noreferrer noopener\"><strong>Ingressos Online<\/strong><\/a><\/div>\n<\/div>\n<\/div>\n<\/div>\n\n\n\n<hr class=\"wp-block-separator has-alpha-channel-opacity is-style-wide\"\/>\n\n\n\n<div class=\"wp-block-columns is-layout-flex wp-container-core-columns-is-layout-9d6595d7 wp-block-columns-is-layout-flex\">\n<div class=\"wp-block-column is-layout-flow wp-block-column-is-layout-flow\">\n<figure class=\"wp-block-image size-full\"><img loading=\"lazy\" decoding=\"async\" width=\"1000\" height=\"750\" src=\"https:\/\/www.caldasnovas.go.gov.br\/turismo\/wp-content\/uploads\/sites\/5\/2022\/12\/praca-mestre-orlando.jpg\" alt=\"\" class=\"wp-image-232\" srcset=\"https:\/\/www.caldasnovas.go.gov.br\/turismo\/wp-content\/uploads\/sites\/5\/2022\/12\/praca-mestre-orlando.jpg 1000w, https:\/\/www.caldasnovas.go.gov.br\/turismo\/wp-content\/uploads\/sites\/5\/2022\/12\/praca-mestre-orlando-300x225.jpg 300w, https:\/\/www.caldasnovas.go.gov.br\/turismo\/wp-content\/uploads\/sites\/5\/2022\/12\/praca-mestre-orlando-768x576.jpg 768w, https:\/\/www.caldasnovas.go.gov.br\/turismo\/wp-content\/uploads\/sites\/5\/2022\/12\/praca-mestre-orlando-320x240.jpg 320w\" sizes=\"auto, (max-width: 1000px) 100vw, 1000px\" \/><figcaption><strong>Fonte da Foto:<\/strong> <a href=\"https:\/\/guia.melhoresdestinos.com.br\/\">https:\/\/guia.melhoresdestinos.com.br\/<\/a><\/figcaption><\/figure>\n<\/div>\n\n\n\n<div class=\"wp-block-column is-layout-flow wp-block-column-is-layout-flow\">\n<h2 class=\"wp-block-heading\">Pra\u00e7a Mestre Orlando<\/h2>\n\n\n\n<div style=\"height:32px\" aria-hidden=\"true\" class=\"wp-block-spacer\"><\/div>\n\n\n\n<p>A Pra\u00e7a Mestre Orlando, localizada no centro, \u00e9 um ponto de encontro de Caldas Novas. Ela \u00e9 um dos locas mais antigos da cidade e abriga a Igreja Matriz, inaugurada em 1850, e o Cal\u00e7ad\u00e3o Orcalino Santos, que tem v\u00e1rios bares e restaurantes.<\/p>\n\n\n\n<p>Durante a noite, a pra\u00e7a recebe artes\u00e3os, vendedores ambulantes, jovens e fam\u00edlias com crian\u00e7as, al\u00e9m de muitas pessoas frequentando os restaurantes pr\u00f3ximos. Como \u00e9 um h\u00e1bito de cidades pequenas, a pra\u00e7a \u00e9 uma refer\u00eancia na cidade e muito do com\u00e9rcio local fica ao seu redor. Vale a pena visitar o local, principalmente \u00e0 noite, quando fica mais animado.<\/p>\n\n\n\n<div style=\"height:27px\" aria-hidden=\"true\" class=\"wp-block-spacer\"><\/div>\n\n\n\n<p><\/p>\n\n\n\n<div style=\"height:33px\" aria-hidden=\"true\" class=\"wp-block-spacer\"><\/div>\n\n\n\n<div class=\"wp-block-buttons is-layout-flex wp-block-buttons-is-layout-flex\">\n<div class=\"wp-block-button has-custom-width wp-block-button__width-50 is-style-outline is-style-outline--9\"><a class=\"wp-block-button__link\" href=\"https:\/\/goo.gl\/maps\/PuxzfWDWvf4FVWm38\" style=\"border-radius:10px\" target=\"_blank\" rel=\"noreferrer noopener\"><strong>Como Chegar<\/strong><\/a><\/div>\n<\/div>\n<\/div>\n<\/div>\n\n\n\n<div class=\"wp-block-columns is-layout-flex wp-container-core-columns-is-layout-9d6595d7 wp-block-columns-is-layout-flex\">\n<div class=\"wp-block-column is-layout-flow wp-block-column-is-layout-flow\">\n<hr class=\"wp-block-separator has-alpha-channel-opacity is-style-wide\"\/>\n<\/div>\n<\/div>\n\n\n\n<p><\/p>\n","protected":false},"excerpt":{"rendered":"<p>diRoma Acqua Park Imagine um lugar onde \u00e9 poss\u00edvel realizar as mais incr\u00edveis&nbsp;aventuras de lazer e divers\u00e3o, onde cada atra\u00e7\u00e3o \u00e9 repleta de adrenalina e novas descobertas. Este lugar \u00e9 o diRoma Acqua Park, o mais incr\u00ed\u00advel e completo parque aqu\u00e1tico de Caldas Novas. Aqui voc\u00ea vai viver novas emo\u00e7\u00f5es e sentir a adrenalina tomar [&hellip;]<\/p>\n","protected":false},"author":1,"featured_media":0,"parent":0,"menu_order":0,"comment_status":"closed","ping_status":"closed","template":"","meta":{"_acf_changed":false,"_seopress_robots_primary_cat":"","_seopress_titles_title":"","_seopress_titles_desc":"","_seopress_robots_index":"","custom_icon_class":"","inline_featured_image":false,"footnotes":""},"class_list":["post-104","page","type-page","status-publish","hentry"],"acf":[],"_links":{"self":[{"href":"https:\/\/www.caldasnovas.go.gov.br\/turismo\/wp-json\/wp\/v2\/pages\/104","targetHints":{"allow":["GET"]}}],"collection":[{"href":"https:\/\/www.caldasnovas.go.gov.br\/turismo\/wp-json\/wp\/v2\/pages"}],"about":[{"href":"https:\/\/www.caldasnovas.go.gov.br\/turismo\/wp-json\/wp\/v2\/types\/page"}],"author":[{"embeddable":true,"href":"https:\/\/www.caldasnovas.go.gov.br\/turismo\/wp-json\/wp\/v2\/users\/1"}],"replies":[{"embeddable":true,"href":"https:\/\/www.caldasnovas.go.gov.br\/turismo\/wp-json\/wp\/v2\/comments?post=104"}],"version-history":[{"count":9,"href":"https:\/\/www.caldasnovas.go.gov.br\/turismo\/wp-json\/wp\/v2\/pages\/104\/revisions"}],"predecessor-version":[{"id":258,"href":"https:\/\/www.caldasnovas.go.gov.br\/turismo\/wp-json\/wp\/v2\/pages\/104\/revisions\/258"}],"wp:attachment":[{"href":"https:\/\/www.caldasnovas.go.gov.br\/turismo\/wp-json\/wp\/v2\/media?parent=104"}],"curies":[{"name":"wp","href":"https:\/\/api.w.org\/{rel}","templated":true}]}}